{"id":4391,"date":"2023-03-23T15:06:23","date_gmt":"2023-03-23T14:06:23","guid":{"rendered":"https:\/\/gef.fr\/?page_id=4391"},"modified":"2023-03-23T15:06:23","modified_gmt":"2023-03-23T14:06:23","slug":"donnees-personnelles","status":"publish","type":"page","link":"https:\/\/gef.fr\/index.php\/donnees-personnelles\/","title":{"rendered":"Donn\u00e9es personnelles"},"content":{"rendered":"\n<h2 class=\"wp-block-heading\">Utilisation des donn\u00e9es<\/h2>\n\n\n\n<p>Lors de votre navigation sur notre site\u00a0<a href=\"https:\/\/www.performance-pro.fr\/\">https:\/\/www.gef.fr\/<\/a>, vous \u00eates amen\u00e9s \u00e0 nous communiquer des donn\u00e9es personnelles.<br>Nous vous remercions pour votre confiance et tenons \u00e0 vous informer ici sur l\u2019utilisation de vos donn\u00e9es.<br><br>GEF PRODUCTION n\u2019utilise vos donn\u00e9es que pour vous informer de ses nouveaux produits.<br><br>Le responsable de traitement des donn\u00e9es personnelles est GEF PRODUCTION, vous pouvez retrouver nos coordonn\u00e9es dans les mentions l\u00e9gales.<\/p>\n\n\n\n<h2 class=\"wp-block-heading\">Vos droits<\/h2>\n\n\n\n<p>Vous pourrez exercer votre droit \u00e0 la d\u00e9sinscription \u00e0 tout moment afin de ne plus recevoir nos communications.<br><br>Conform\u00e9ment \u00e0 la loi n\u00b0 78-17 du 6 janvier 1978 modifi\u00e9e relative \u00e0 l\u2019informatique, aux fichiers et aux libert\u00e9s ainsi qu\u2019au r\u00e8glement europ\u00e9en sur la protection des donn\u00e9es personnelles 2016\/679 (RGPD), vous pouvez exercer votre droit d\u2019acc\u00e8s, de rectification, d\u2019effacement, de limitation du traitement, de portabilit\u00e9 de vos donn\u00e9es en adressant votre demande \u00e0 cette adresse : <a href=\"mailto:eugenie@performance-pro.fr\">denise.lethi@gef.fr<\/a> ou par t\u00e9l\u00e9phone au 03 20 26 56 00 ou par courrier postal au 65 rue de B\u00e9thune 59100 ROUBAIX \u2013 France.<\/p>\n","protected":false},"excerpt":{"rendered":"<p>Utilisation des donn\u00e9es Lors de votre navigation sur notre site\u00a0https:\/\/www.gef.fr\/, vous \u00eates amen\u00e9s \u00e0 nous communiquer des donn\u00e9es personnelles.Nous vous remercions pour votre confiance et tenons \u00e0 vous informer ici sur l\u2019utilisation de vos donn\u00e9es. GEF PRODUCTION n\u2019utilise vos donn\u00e9es que pour vous informer de ses nouveaux produits. Le responsable de traitement des donn\u00e9es personnelles [&hellip;]<\/p>\n","protected":false},"author":1,"featured_media":0,"parent":0,"menu_order":0,"comment_status":"closed","ping_status":"closed","template":"","meta":{"footnotes":""},"class_list":["post-4391","page","type-page","status-publish","hentry"],"yoast_head":"<!-- This site is optimized with the Yoast SEO plugin v19.10 - https:\/\/yoast.com\/wordpress\/plugins\/seo\/ -->\n<title>Donn\u00e9es personnelles - GEF Production<\/title>\n<meta name=\"robots\" content=\"index, follow, max-snippet:-1, max-image-preview:large, max-video-preview:-1\" \/>\n<link rel=\"canonical\" href=\"https:\/\/gef.fr\/index.php\/donnees-personnelles\/\" \/>\n<meta property=\"og:locale\" content=\"fr_FR\" \/>\n<meta property=\"og:type\" content=\"article\" \/>\n<meta property=\"og:title\" content=\"Donn\u00e9es personnelles - GEF Production\" \/>\n<meta property=\"og:description\" content=\"Utilisation des donn\u00e9es Lors de votre navigation sur notre site\u00a0https:\/\/www.gef.fr\/, vous \u00eates amen\u00e9s \u00e0 nous communiquer des donn\u00e9es personnelles.Nous vous remercions pour votre confiance et tenons \u00e0 vous informer ici sur l\u2019utilisation de vos donn\u00e9es. GEF PRODUCTION n\u2019utilise vos donn\u00e9es que pour vous informer de ses nouveaux produits. Le responsable de traitement des donn\u00e9es personnelles [&hellip;]\" \/>\n<meta property=\"og:url\" content=\"https:\/\/gef.fr\/index.php\/donnees-personnelles\/\" \/>\n<meta property=\"og:site_name\" content=\"GEF Production\" \/>\n<meta name=\"twitter:card\" content=\"summary_large_image\" \/>\n<meta name=\"twitter:label1\" content=\"Dur\u00e9e de lecture estim\u00e9e\" \/>\n\t<meta name=\"twitter:data1\" content=\"1 minute\" \/>\n<script type=\"application\/ld+json\" class=\"yoast-schema-graph\">{\"@context\":\"https:\/\/schema.org\",\"@graph\":[{\"@type\":\"WebPage\",\"@id\":\"https:\/\/gef.fr\/index.php\/donnees-personnelles\/\",\"url\":\"https:\/\/gef.fr\/index.php\/donnees-personnelles\/\",\"name\":\"Donn\u00e9es personnelles - GEF Production\",\"isPartOf\":{\"@id\":\"https:\/\/gef.fr\/#website\"},\"datePublished\":\"2023-03-23T14:06:23+00:00\",\"dateModified\":\"2023-03-23T14:06:23+00:00\",\"breadcrumb\":{\"@id\":\"https:\/\/gef.fr\/index.php\/donnees-personnelles\/#breadcrumb\"},\"inLanguage\":\"fr-FR\",\"potentialAction\":[{\"@type\":\"ReadAction\",\"target\":[\"https:\/\/gef.fr\/index.php\/donnees-personnelles\/\"]}]},{\"@type\":\"BreadcrumbList\",\"@id\":\"https:\/\/gef.fr\/index.php\/donnees-personnelles\/#breadcrumb\",\"itemListElement\":[{\"@type\":\"ListItem\",\"position\":1,\"name\":\"Accueil\",\"item\":\"https:\/\/gef.fr\/\"},{\"@type\":\"ListItem\",\"position\":2,\"name\":\"Donn\u00e9es personnelles\"}]},{\"@type\":\"WebSite\",\"@id\":\"https:\/\/gef.fr\/#website\",\"url\":\"https:\/\/gef.fr\/\",\"name\":\"GEF Production\",\"description\":\"Fabricant de stores &amp; volets roulants\",\"publisher\":{\"@id\":\"https:\/\/gef.fr\/#organization\"},\"potentialAction\":[{\"@type\":\"SearchAction\",\"target\":{\"@type\":\"EntryPoint\",\"urlTemplate\":\"https:\/\/gef.fr\/?s={search_term_string}\"},\"query-input\":\"required name=search_term_string\"}],\"inLanguage\":\"fr-FR\"},{\"@type\":\"Organization\",\"@id\":\"https:\/\/gef.fr\/#organization\",\"name\":\"GEF Production\",\"url\":\"https:\/\/gef.fr\/\",\"logo\":{\"@type\":\"ImageObject\",\"inLanguage\":\"fr-FR\",\"@id\":\"https:\/\/gef.fr\/#\/schema\/logo\/image\/\",\"url\":\"https:\/\/gef.fr\/wp-content\/uploads\/2020\/07\/cropped-cropped-Logo-GEF_Plan-de-travail-1.jpg\",\"contentUrl\":\"https:\/\/gef.fr\/wp-content\/uploads\/2020\/07\/cropped-cropped-Logo-GEF_Plan-de-travail-1.jpg\",\"width\":757,\"height\":177,\"caption\":\"GEF Production\"},\"image\":{\"@id\":\"https:\/\/gef.fr\/#\/schema\/logo\/image\/\"}}]}<\/script>\n<!-- \/ Yoast SEO plugin. -->","yoast_head_json":{"title":"Donn\u00e9es personnelles - GEF Production","robots":{"index":"index","follow":"follow","max-snippet":"max-snippet:-1","max-image-preview":"max-image-preview:large","max-video-preview":"max-video-preview:-1"},"canonical":"https:\/\/gef.fr\/index.php\/donnees-personnelles\/","og_locale":"fr_FR","og_type":"article","og_title":"Donn\u00e9es personnelles - GEF Production","og_description":"Utilisation des donn\u00e9es Lors de votre navigation sur notre site\u00a0https:\/\/www.gef.fr\/, vous \u00eates amen\u00e9s \u00e0 nous communiquer des donn\u00e9es personnelles.Nous vous remercions pour votre confiance et tenons \u00e0 vous informer ici sur l\u2019utilisation de vos donn\u00e9es. GEF PRODUCTION n\u2019utilise vos donn\u00e9es que pour vous informer de ses nouveaux produits. Le responsable de traitement des donn\u00e9es personnelles [&hellip;]","og_url":"https:\/\/gef.fr\/index.php\/donnees-personnelles\/","og_site_name":"GEF Production","twitter_card":"summary_large_image","twitter_misc":{"Dur\u00e9e de lecture estim\u00e9e":"1 minute"},"schema":{"@context":"https:\/\/schema.org","@graph":[{"@type":"WebPage","@id":"https:\/\/gef.fr\/index.php\/donnees-personnelles\/","url":"https:\/\/gef.fr\/index.php\/donnees-personnelles\/","name":"Donn\u00e9es personnelles - GEF Production","isPartOf":{"@id":"https:\/\/gef.fr\/#website"},"datePublished":"2023-03-23T14:06:23+00:00","dateModified":"2023-03-23T14:06:23+00:00","breadcrumb":{"@id":"https:\/\/gef.fr\/index.php\/donnees-personnelles\/#breadcrumb"},"inLanguage":"fr-FR","potentialAction":[{"@type":"ReadAction","target":["https:\/\/gef.fr\/index.php\/donnees-personnelles\/"]}]},{"@type":"BreadcrumbList","@id":"https:\/\/gef.fr\/index.php\/donnees-personnelles\/#breadcrumb","itemListElement":[{"@type":"ListItem","position":1,"name":"Accueil","item":"https:\/\/gef.fr\/"},{"@type":"ListItem","position":2,"name":"Donn\u00e9es personnelles"}]},{"@type":"WebSite","@id":"https:\/\/gef.fr\/#website","url":"https:\/\/gef.fr\/","name":"GEF Production","description":"Fabricant de stores &amp; volets roulants","publisher":{"@id":"https:\/\/gef.fr\/#organization"},"potentialAction":[{"@type":"SearchAction","target":{"@type":"EntryPoint","urlTemplate":"https:\/\/gef.fr\/?s={search_term_string}"},"query-input":"required name=search_term_string"}],"inLanguage":"fr-FR"},{"@type":"Organization","@id":"https:\/\/gef.fr\/#organization","name":"GEF Production","url":"https:\/\/gef.fr\/","logo":{"@type":"ImageObject","inLanguage":"fr-FR","@id":"https:\/\/gef.fr\/#\/schema\/logo\/image\/","url":"https:\/\/gef.fr\/wp-content\/uploads\/2020\/07\/cropped-cropped-Logo-GEF_Plan-de-travail-1.jpg","contentUrl":"https:\/\/gef.fr\/wp-content\/uploads\/2020\/07\/cropped-cropped-Logo-GEF_Plan-de-travail-1.jpg","width":757,"height":177,"caption":"GEF Production"},"image":{"@id":"https:\/\/gef.fr\/#\/schema\/logo\/image\/"}}]}},"_links":{"self":[{"href":"https:\/\/gef.fr\/index.php\/wp-json\/wp\/v2\/pages\/4391","targetHints":{"allow":["GET"]}}],"collection":[{"href":"https:\/\/gef.fr\/index.php\/wp-json\/wp\/v2\/pages"}],"about":[{"href":"https:\/\/gef.fr\/index.php\/wp-json\/wp\/v2\/types\/page"}],"author":[{"embeddable":true,"href":"https:\/\/gef.fr\/index.php\/wp-json\/wp\/v2\/users\/1"}],"replies":[{"embeddable":true,"href":"https:\/\/gef.fr\/index.php\/wp-json\/wp\/v2\/comments?post=4391"}],"version-history":[{"count":2,"href":"https:\/\/gef.fr\/index.php\/wp-json\/wp\/v2\/pages\/4391\/revisions"}],"predecessor-version":[{"id":4393,"href":"https:\/\/gef.fr\/index.php\/wp-json\/wp\/v2\/pages\/4391\/revisions\/4393"}],"wp:attachment":[{"href":"https:\/\/gef.fr\/index.php\/wp-json\/wp\/v2\/media?parent=4391"}],"curies":[{"name":"wp","href":"https:\/\/api.w.org\/{rel}","templated":true}]}}