{"id":4394,"date":"2023-03-23T16:04:01","date_gmt":"2023-03-23T15:04:01","guid":{"rendered":"https:\/\/gef.fr\/?page_id=4394"},"modified":"2023-03-23T16:04:02","modified_gmt":"2023-03-23T15:04:02","slug":"mentions-legales","status":"publish","type":"page","link":"https:\/\/gef.fr\/index.php\/mentions-legales\/","title":{"rendered":"Mentions l\u00e9gales"},"content":{"rendered":"\n<h2 class=\"wp-block-heading\">\u00c9diteur du site<\/h2>\n\n\n\n<p>Le site\u00a0<a href=\"https:\/\/www.performance-pro.fr\/\">https:\/\/www.gef.fr\/<\/a>\u00a0est \u00e9dit\u00e9 par la soci\u00e9t\u00e9 GEF PRODUCTION au capital de 152449\u20ac, immatricul\u00e9e au Registre du Commerce et des Soci\u00e9t\u00e9s de Lille M\u00e9tropole sous le num\u00e9ro 339 074 403, dont le si\u00e8ge social est situ\u00e9 au 65 rue de B\u00e9thune 59100 ROUBAIX \u2013 France.<br><br>GEF PRODUCTION<br><br>SIRET 339 074 403 00017<br><br>Code APE 2512Z<br><br>N\u00b0 TVA Intracommunautaire FR32339074403<\/p>\n\n\n\n<h2 class=\"wp-block-heading\">Nom et fonction du responsable <\/h2>\n\n\n\n<p>Sacha LEFEBVRE, g\u00e9rant<br><a href=\"mailto:eugenie@performance-pro.fr\">sacha.lefebvre@gef.fr<\/a><br><\/p>\n\n\n\n<h2 class=\"wp-block-heading\">Directeur de la publication<\/h2>\n\n\n\n<p>Sacha LEFEBVRE, g\u00e9rant<br><a href=\"mailto:eugenie@performance-pro.fr\">sacha.lefebvre@gef.fr<\/a><br><\/p>\n\n\n\n<h2 class=\"wp-block-heading\">H\u00e9bergeur<\/h2>\n\n\n\n<p>Site h\u00e9berg\u00e9 par OVH :<br><br>2 rue Kellermann , 59100 Roubaix<br>Contact : 09 72 10 10 07 ou du 1007<\/p>\n\n\n\n<h2 class=\"wp-block-heading\">Protection des donn\u00e9es personnelles<\/h2>\n\n\n\n<p>Il est important pour nous de prot\u00e9ger la vie priv\u00e9e de nos clients, GEF PRODUCTION s\u2019engage dans la protection des donn\u00e9es personnelles.<br>Conform\u00e9ment \u00e0 la loi \u00ab Informatique et Libert\u00e9s \u00bb du 6 janvier 1978 modifi\u00e9 en 2004, vous disposez \u00e0 tout moment d\u2019un droit d\u2019acc\u00e8s aux donn\u00e9es que vous nous avez confi\u00e9es et pouvez les modifier ou les supprimer en contactant : denise.lethi@gef.fr<\/p>\n\n\n\n<h2 class=\"wp-block-heading\">Propri\u00e9t\u00e9s intellectuelles<\/h2>\n\n\n\n<p>Le pr\u00e9sent site internet est la propri\u00e9t\u00e9 de la soci\u00e9t\u00e9 GEF PRODUCTION.<br>Il a pour objet de fournir des informations sur les activit\u00e9s de la soci\u00e9t\u00e9 GEF PRODUCTION.<br><br>Le contenu du site\u00a0<a href=\"https:\/\/www.performance-pro.fr\/\">https:\/\/wwwgef.fr\/<\/a>\u00a0(textes, images, photos, graphismes et tout autres \u00e9l\u00e9ments composants son site) est la propri\u00e9t\u00e9 exclusive de GEF PRODUCTION et est ainsi prot\u00e9g\u00e9 par le droit d\u2019auteur.<br>Toute reproduction totale ou partielle du contenu du site est strictement interdite sans le consentement de l\u2019auteur.<br><br>Le non-respect de cette obligation constitue une contrefa\u00e7on engageant la responsabilit\u00e9 civile et p\u00e9nale de son auteur.<\/p>\n\n\n\n<h2 class=\"wp-block-heading\">Cookies<\/h2>\n\n\n\n<p>Pour des besoins de statistiques et d\u2019affichage, le pr\u00e9sent site utilise des cookies.<br>Le cookie est un petit morceau de texte que les sites envoient lors de votre navigation.<br>S\u2019enregistrant de fa\u00e7on automatique sur votre ordinateur, celui-ci est destin\u00e9 \u00e0 vous reconna\u00eetre et \u00e0 conserver des informations sp\u00e9cifiques \u00e0 votre sujet. Il peut s\u2019agir de donn\u00e9es de connexion, pr\u00e9f\u00e9rence linguistique, etc.<br>L\u2019objectif \u00e9tant de vous \u00e9viter de vous r\u00e9enregistrer \u00e0 chaque visite.<br>Ils peuvent \u00eatre indispensables au bon fonctionnement d\u2019un site.<br><br>L\u2019utilisation de cookies n\u00e9cessite un consentement de votre part.<br>Vous pouvez manifester votre consentement ou vous opposer \u00e0 l\u2019utilisation des cookies<\/p>\n","protected":false},"excerpt":{"rendered":"<p>\u00c9diteur du site Le site\u00a0https:\/\/www.gef.fr\/\u00a0est \u00e9dit\u00e9 par la soci\u00e9t\u00e9 GEF PRODUCTION au capital de 152449\u20ac, immatricul\u00e9e au Registre du Commerce et des Soci\u00e9t\u00e9s de Lille M\u00e9tropole sous le num\u00e9ro 339 074 403, dont le si\u00e8ge social est situ\u00e9 au 65 rue de B\u00e9thune 59100 ROUBAIX \u2013 France. GEF PRODUCTION SIRET 339 074 403 00017 Code [&hellip;]<\/p>\n","protected":false},"author":1,"featured_media":0,"parent":0,"menu_order":0,"comment_status":"closed","ping_status":"closed","template":"","meta":{"footnotes":""},"class_list":["post-4394","page","type-page","status-publish","hentry"],"yoast_head":"<!-- This site is optimized with the Yoast SEO plugin v19.10 - https:\/\/yoast.com\/wordpress\/plugins\/seo\/ -->\n<title>Mentions l\u00e9gales - GEF Production<\/title>\n<meta name=\"robots\" content=\"index, follow, max-snippet:-1, max-image-preview:large, max-video-preview:-1\" \/>\n<link rel=\"canonical\" href=\"https:\/\/gef.fr\/index.php\/mentions-legales\/\" \/>\n<meta property=\"og:locale\" content=\"fr_FR\" \/>\n<meta property=\"og:type\" content=\"article\" \/>\n<meta property=\"og:title\" content=\"Mentions l\u00e9gales - GEF Production\" \/>\n<meta property=\"og:description\" content=\"\u00c9diteur du site Le site\u00a0https:\/\/www.gef.fr\/\u00a0est \u00e9dit\u00e9 par la soci\u00e9t\u00e9 GEF PRODUCTION au capital de 152449\u20ac, immatricul\u00e9e au Registre du Commerce et des Soci\u00e9t\u00e9s de Lille M\u00e9tropole sous le num\u00e9ro 339 074 403, dont le si\u00e8ge social est situ\u00e9 au 65 rue de B\u00e9thune 59100 ROUBAIX \u2013 France. GEF PRODUCTION SIRET 339 074 403 00017 Code [&hellip;]\" \/>\n<meta property=\"og:url\" content=\"https:\/\/gef.fr\/index.php\/mentions-legales\/\" \/>\n<meta property=\"og:site_name\" content=\"GEF Production\" \/>\n<meta property=\"article:modified_time\" content=\"2023-03-23T15:04:02+00:00\" \/>\n<meta name=\"twitter:card\" content=\"summary_large_image\" \/>\n<meta name=\"twitter:label1\" content=\"Dur\u00e9e de lecture estim\u00e9e\" \/>\n\t<meta name=\"twitter:data1\" content=\"2 minutes\" \/>\n<script type=\"application\/ld+json\" class=\"yoast-schema-graph\">{\"@context\":\"https:\/\/schema.org\",\"@graph\":[{\"@type\":\"WebPage\",\"@id\":\"https:\/\/gef.fr\/index.php\/mentions-legales\/\",\"url\":\"https:\/\/gef.fr\/index.php\/mentions-legales\/\",\"name\":\"Mentions l\u00e9gales - GEF Production\",\"isPartOf\":{\"@id\":\"https:\/\/gef.fr\/#website\"},\"datePublished\":\"2023-03-23T15:04:01+00:00\",\"dateModified\":\"2023-03-23T15:04:02+00:00\",\"breadcrumb\":{\"@id\":\"https:\/\/gef.fr\/index.php\/mentions-legales\/#breadcrumb\"},\"inLanguage\":\"fr-FR\",\"potentialAction\":[{\"@type\":\"ReadAction\",\"target\":[\"https:\/\/gef.fr\/index.php\/mentions-legales\/\"]}]},{\"@type\":\"BreadcrumbList\",\"@id\":\"https:\/\/gef.fr\/index.php\/mentions-legales\/#breadcrumb\",\"itemListElement\":[{\"@type\":\"ListItem\",\"position\":1,\"name\":\"Accueil\",\"item\":\"https:\/\/gef.fr\/\"},{\"@type\":\"ListItem\",\"position\":2,\"name\":\"Mentions l\u00e9gales\"}]},{\"@type\":\"WebSite\",\"@id\":\"https:\/\/gef.fr\/#website\",\"url\":\"https:\/\/gef.fr\/\",\"name\":\"GEF Production\",\"description\":\"Fabricant de stores &amp; volets roulants\",\"publisher\":{\"@id\":\"https:\/\/gef.fr\/#organization\"},\"potentialAction\":[{\"@type\":\"SearchAction\",\"target\":{\"@type\":\"EntryPoint\",\"urlTemplate\":\"https:\/\/gef.fr\/?s={search_term_string}\"},\"query-input\":\"required name=search_term_string\"}],\"inLanguage\":\"fr-FR\"},{\"@type\":\"Organization\",\"@id\":\"https:\/\/gef.fr\/#organization\",\"name\":\"GEF Production\",\"url\":\"https:\/\/gef.fr\/\",\"logo\":{\"@type\":\"ImageObject\",\"inLanguage\":\"fr-FR\",\"@id\":\"https:\/\/gef.fr\/#\/schema\/logo\/image\/\",\"url\":\"https:\/\/gef.fr\/wp-content\/uploads\/2020\/07\/cropped-cropped-Logo-GEF_Plan-de-travail-1.jpg\",\"contentUrl\":\"https:\/\/gef.fr\/wp-content\/uploads\/2020\/07\/cropped-cropped-Logo-GEF_Plan-de-travail-1.jpg\",\"width\":757,\"height\":177,\"caption\":\"GEF Production\"},\"image\":{\"@id\":\"https:\/\/gef.fr\/#\/schema\/logo\/image\/\"}}]}<\/script>\n<!-- \/ Yoast SEO plugin. -->","yoast_head_json":{"title":"Mentions l\u00e9gales - GEF Production","robots":{"index":"index","follow":"follow","max-snippet":"max-snippet:-1","max-image-preview":"max-image-preview:large","max-video-preview":"max-video-preview:-1"},"canonical":"https:\/\/gef.fr\/index.php\/mentions-legales\/","og_locale":"fr_FR","og_type":"article","og_title":"Mentions l\u00e9gales - GEF Production","og_description":"\u00c9diteur du site Le site\u00a0https:\/\/www.gef.fr\/\u00a0est \u00e9dit\u00e9 par la soci\u00e9t\u00e9 GEF PRODUCTION au capital de 152449\u20ac, immatricul\u00e9e au Registre du Commerce et des Soci\u00e9t\u00e9s de Lille M\u00e9tropole sous le num\u00e9ro 339 074 403, dont le si\u00e8ge social est situ\u00e9 au 65 rue de B\u00e9thune 59100 ROUBAIX \u2013 France. GEF PRODUCTION SIRET 339 074 403 00017 Code [&hellip;]","og_url":"https:\/\/gef.fr\/index.php\/mentions-legales\/","og_site_name":"GEF Production","article_modified_time":"2023-03-23T15:04:02+00:00","twitter_card":"summary_large_image","twitter_misc":{"Dur\u00e9e de lecture estim\u00e9e":"2 minutes"},"schema":{"@context":"https:\/\/schema.org","@graph":[{"@type":"WebPage","@id":"https:\/\/gef.fr\/index.php\/mentions-legales\/","url":"https:\/\/gef.fr\/index.php\/mentions-legales\/","name":"Mentions l\u00e9gales - GEF Production","isPartOf":{"@id":"https:\/\/gef.fr\/#website"},"datePublished":"2023-03-23T15:04:01+00:00","dateModified":"2023-03-23T15:04:02+00:00","breadcrumb":{"@id":"https:\/\/gef.fr\/index.php\/mentions-legales\/#breadcrumb"},"inLanguage":"fr-FR","potentialAction":[{"@type":"ReadAction","target":["https:\/\/gef.fr\/index.php\/mentions-legales\/"]}]},{"@type":"BreadcrumbList","@id":"https:\/\/gef.fr\/index.php\/mentions-legales\/#breadcrumb","itemListElement":[{"@type":"ListItem","position":1,"name":"Accueil","item":"https:\/\/gef.fr\/"},{"@type":"ListItem","position":2,"name":"Mentions l\u00e9gales"}]},{"@type":"WebSite","@id":"https:\/\/gef.fr\/#website","url":"https:\/\/gef.fr\/","name":"GEF Production","description":"Fabricant de stores &amp; volets roulants","publisher":{"@id":"https:\/\/gef.fr\/#organization"},"potentialAction":[{"@type":"SearchAction","target":{"@type":"EntryPoint","urlTemplate":"https:\/\/gef.fr\/?s={search_term_string}"},"query-input":"required name=search_term_string"}],"inLanguage":"fr-FR"},{"@type":"Organization","@id":"https:\/\/gef.fr\/#organization","name":"GEF Production","url":"https:\/\/gef.fr\/","logo":{"@type":"ImageObject","inLanguage":"fr-FR","@id":"https:\/\/gef.fr\/#\/schema\/logo\/image\/","url":"https:\/\/gef.fr\/wp-content\/uploads\/2020\/07\/cropped-cropped-Logo-GEF_Plan-de-travail-1.jpg","contentUrl":"https:\/\/gef.fr\/wp-content\/uploads\/2020\/07\/cropped-cropped-Logo-GEF_Plan-de-travail-1.jpg","width":757,"height":177,"caption":"GEF Production"},"image":{"@id":"https:\/\/gef.fr\/#\/schema\/logo\/image\/"}}]}},"_links":{"self":[{"href":"https:\/\/gef.fr\/index.php\/wp-json\/wp\/v2\/pages\/4394","targetHints":{"allow":["GET"]}}],"collection":[{"href":"https:\/\/gef.fr\/index.php\/wp-json\/wp\/v2\/pages"}],"about":[{"href":"https:\/\/gef.fr\/index.php\/wp-json\/wp\/v2\/types\/page"}],"author":[{"embeddable":true,"href":"https:\/\/gef.fr\/index.php\/wp-json\/wp\/v2\/users\/1"}],"replies":[{"embeddable":true,"href":"https:\/\/gef.fr\/index.php\/wp-json\/wp\/v2\/comments?post=4394"}],"version-history":[{"count":1,"href":"https:\/\/gef.fr\/index.php\/wp-json\/wp\/v2\/pages\/4394\/revisions"}],"predecessor-version":[{"id":4395,"href":"https:\/\/gef.fr\/index.php\/wp-json\/wp\/v2\/pages\/4394\/revisions\/4395"}],"wp:attachment":[{"href":"https:\/\/gef.fr\/index.php\/wp-json\/wp\/v2\/media?parent=4394"}],"curies":[{"name":"wp","href":"https:\/\/api.w.org\/{rel}","templated":true}]}}